{"id":5968,"date":"2025-01-08T14:33:59","date_gmt":"2025-01-08T19:33:59","guid":{"rendered":"https:\/\/lara-lms.com\/?page_id=5968"},"modified":"2025-11-21T11:41:05","modified_gmt":"2025-11-21T16:41:05","slug":"compliance","status":"publish","type":"page","link":"https:\/\/lara-lms.com\/en\/compliance\/","title":{"rendered":"Compliance"},"content":{"rendered":"<div class=\"wpb-content-wrapper\"><p>[vc_section content_placement=&#8221;middle&#8221; background_position=&#8221;center top&#8221; section_separator_bottom=&#8221;true&#8221; section_separator_bottom_zindex=&#8221;true&#8221; section_separator_svg_bottom=&#8221;double_wave_1&#8243; section_separator_bottom_height=&#8221;3&#8243; css=&#8221;.vc_custom_1743430561319{padding-top: 150px !important;padding-bottom: 150px !important;background: #ffffff url(https:\/\/lara-lms.com\/wp-content\/uploads\/2025\/03\/Hero_Femme3_2025_V02-1.jpg?id=6584) !important;background-position: center !important;background-repeat: no-repeat !important;background-size: cover !important;}&#8221; section_separator_bottom_color_1=&#8221;#F6F6F6&#8243;][vc_row][vc_column][vc_row_inner content_placement=&#8221;middle&#8221; gap=&#8221;1&#8243;][vc_column_inner width=&#8221;1\/2&#8243;][vc_column_text]<\/p>\n<h1 class=\"p1\" style=\"color: #21b685;\"><span class=\"s1\">L\u00e4ra LMS :<strong> A secure, accessible platform for everyone<\/strong><\/span><\/h1>\n<p>[\/vc_column_text][\/vc_column_inner][vc_column_inner width=&#8221;1\/2&#8243;][\/vc_column_inner][\/vc_row_inner][vc_row_inner content_placement=&#8221;middle&#8221;][vc_column_inner width=&#8221;1\/2&#8243;][vc_column_text]Regardless of the size of your organization or your field of expertise, data security and compliance with laws and regulations are becoming increasingly important to both you and your users, and with good reason!<\/p>\n<p>So you can rest assured that L\u00e4ra LMS gives you peace of mind, with security and compliance measures far superior to most learning management platforms, and meeting and exceeding industry standards.[\/vc_column_text][\/vc_column_inner][vc_column_inner width=&#8221;1\/2&#8243;][\/vc_column_inner][\/vc_row_inner][\/vc_column][\/vc_row][\/vc_section][vc_section content_placement=&#8221;middle&#8221; parallax=&#8221;content-moving&#8221; css=&#8221;.vc_custom_1733843561939{background-color: #f6f6f6 !important;background-position: center !important;background-repeat: no-repeat !important;background-size: cover !important;}&#8221;][vc_row][vc_column][vc_column_text]<\/p>\n<h1 class=\"p1\" style=\"color: #21b685; text-align: center;\"><strong>Discover how L\u00e4ra LMS can help you with compliance.<\/strong><\/h1>\n<p>[\/vc_column_text][\/vc_column][\/vc_row][vc_row equal_height=&#8221;yes&#8221; content_placement=&#8221;middle&#8221; css=&#8221;.vc_custom_1733847829215{margin-bottom: 15px !important;}&#8221;][vc_column width=&#8221;1\/2&#8243; add_box_shadow_spacing=&#8221;true&#8221; css=&#8221;.vc_custom_1733847872383{margin-right: 15px !important;background-color: #ffffff !important;border-radius: 25px !important;border-color: #FFFFFF !important;}&#8221;][vc_column_text]<\/p>\n<h3 style=\"text-align: center;\"><strong><span lang=\"fr-CA\">SOC 2 Type 2<\/span><\/strong><\/h3>\n<p>L\u00e4ra LMS has successfully completed the SOC 2 Type 2 audit, which involves implementing formal security processes and verifying the effectiveness of these controls within the organization.<\/p>\n<p>The L\u00e4ra LMS SOC 2 report is available on request, subject to a confidentiality agreement, by contacting us at security@lara-lms.com.[\/vc_column_text][\/vc_column][vc_column width=&#8221;1\/2&#8243; css=&#8221;.vc_custom_1733845221970{margin-left: 15px !important;background-color: #ffffff !important;border-radius: 25px !important;border-color: #FFFFFF !important;}&#8221;][vc_column_text]<\/p>\n<h3 style=\"text-align: center;\"><strong><span lang=\"fr-CA\">PCI DSS 4.0<\/span><\/strong><\/h3>\n<p>L\u00e4ra LMS complies with the Payment Card Industry&#8217;s PCI DSS requirements for platforms processing payments from all major credit card companies.<\/p>\n<p>PCI compliance helps build trust with customers, avoid fines and account suspensions with banks and other financial providers.[\/vc_column_text][\/vc_column][\/vc_row][vc_row equal_height=&#8221;yes&#8221; content_placement=&#8221;middle&#8221; css=&#8221;.vc_custom_1733847882635{margin-bottom: 15px !important;}&#8221;][vc_column width=&#8221;1\/2&#8243; css=&#8221;.vc_custom_1733864923154{margin-right: 15px !important;background-color: #ffffff !important;border-radius: 25px !important;border-color: #FFFFFF !important;}&#8221;][vc_column_text]<\/p>\n<h3 style=\"text-align: center;\"><strong><span lang=\"fr-CA\">SGQRI \/ WCAG 2.1<\/span><\/strong><\/h3>\n<p>Learning should be accessible to all, which is why L\u00e4ra LMS fully complies with the SGQRI \/WCAG 2.1 standard.<\/p>\n<p>This standard sets out the rules for making any website and its content accessible so that it can be used by anyone, with or without disabilities.[\/vc_column_text][\/vc_column][vc_column width=&#8221;1\/2&#8243; css=&#8221;.vc_custom_1733845221970{margin-left: 15px !important;background-color: #ffffff !important;border-radius: 25px !important;border-color: #FFFFFF !important;}&#8221;][vc_column_text]<\/p>\n<h3 style=\"text-align: center;\"><span lang=\"fr-CA\"><strong>GDPR \/ Quebec Law 25<\/strong><br \/>\n<\/span><\/h3>\n<p>L\u00e4ra LMS complies with the requirements of the European Union&#8217;s General Data Protection Regulation and the Quebec Government&#8217;s Law 25.<\/p>\n<p>The RGPD and Law 25 establish security obligations for all organizations that process personal data, regardless of where the organizations themselves are located.[\/vc_column_text][\/vc_column][\/vc_row][\/vc_section][vc_section content_placement=&#8221;middle&#8221; parallax=&#8221;content-moving&#8221; section_separator_top=&#8221;true&#8221; section_separator_svg_top=&#8221;double_wave_1&#8243; section_separator_top_flip=&#8221;true&#8221; section_separator_top_height=&#8221;5&#8243; section_separator_bottom=&#8221;true&#8221; section_separator_svg_bottom=&#8221;double_wave_1&#8243; section_separator_bottom_height=&#8221;5&#8243; css=&#8221;.vc_custom_1744904051159{background-image: url(https:\/\/lara-lms.com\/wp-content\/uploads\/2019\/07\/Lara_Header_Main3.jpg?id=3805) !important;background-position: center !important;background-repeat: no-repeat !important;background-size: cover !important;border-radius: 2px !important;}&#8221; section_separator_top_color_1=&#8221;#F6F6F6&#8243; section_separator_bottom_color_1=&#8221;#FFFFFF&#8221;][vc_row content_placement=&#8221;middle&#8221; css=&#8221;.vc_custom_1733847258017{margin-top: 25px !important;margin-bottom: 25px !important;}&#8221;][vc_column][vc_column_text]<\/p>\n<h1 class=\"p1\" style=\"color: #ffffff; text-align: center;\"><span class=\"s1\">Tell us about your projects!\u00a0<\/span><\/h1>\n<p>[\/vc_column_text][\/vc_column][\/vc_row][\/vc_section][vc_section content_placement=&#8221;bottom&#8221; background_position=&#8221;center bottom&#8221; section_separator_top_height=&#8221;5&#8243; section_separator_bottom=&#8221;true&#8221; section_separator_svg_bottom=&#8221;double_wave_1&#8243; section_separator_bottom_height=&#8221;5&#8243; hide_on_mobile=&#8221;true&#8221; css=&#8221;.vc_custom_1744823441683{padding-top: 65px !important;padding-bottom: 0px !important;background-color: #ffffff !important;background-position: center !important;background-repeat: no-repeat !important;background-size: cover !important;border-color: #d3d3d3 !important;}&#8221; el_name=&#8221;Computer Bas de page&#8221;][vc_row content_placement=&#8221;middle&#8221;][vc_column width=&#8221;1\/2&#8243;][vc_column_text]<\/p>\n<h1><strong>Contact our<br \/>\nspecialists<\/strong><\/h1>\n<p>And discover how training is made easier with L\u00e4ra LMS[\/vc_column_text]<style type=\"text\/css\">#bklyn_btn_69ea3da6b418d .bklyn-btn { border-radius:5px !important; }#bklyn_btn_69ea3da6b418d .bklyn-btn:hover{ color:#000000 !important; }#bklyn_btn_69ea3da6b418d .bklyn-btn:focus{ color:#000000 !important; }#bklyn_btn_69ea3da6b418d .bklyn-btn:active { color:#000000 !important; }#bklyn_btn_69ea3da6b418d a.bklyn-btn { font-weight:normal !important; }#bklyn_btn_69ea3da6b418d.bklyn-btn-header a.bklyn-btn { font-weight:normal !important; }#bklyn_btn_69ea3da6b418d.bklyn-btn-header a.bklyn-btn span { font-weight:normal !important; }#bklyn_btn_69ea3da6b418d.bklyn-btn-holder a { margin-top:-10px;padding-top:-10px }<\/style><div id=\"bklyn_btn_69ea3da6b418d\" class=\"bklyn-btn-holder  bklyn-btn-left bklyn-btn-tablet-left bklyn-btn-mobile-center\"><a title=\"Request a demo\"   href=\"https:\/\/lara-lms.com\/en\/request-a-demo\/\" target=\"_self\" class=\"bklyn-btn  bklyn-btn-normal\" ><span class=\"ut-btn-text\">REQUEST A DEMO<\/span><\/a><\/div>[\/vc_column][vc_column width=&#8221;1\/2&#8243; background_position=&#8221;center bottom&#8221; css=&#8221;.vc_custom_1742434277305{margin-bottom: 0px !important;border-bottom-width: 0px !important;padding-bottom: 0px !important;}&#8221;]<div  class=\"wpb_content_element   vc_custom_1744048471148 clearfix\"><style type=\"text\/css\">#ut_am_69ea3da6b616f { opacity: 1; }#ut_am_wrap_69ea3da6b6170 .ut-image-gallery-item-caption-title h3 { letter-spacing: 0em; }#ut_am_wrap_69ea3da6b6170 .ut-gallery-slider-caption { font-weight: bold; }#ut_am_wrap_69ea3da6b6170 { text-align: center; }@media (min-width: 768px) and (max-width: 1024px) { #ut_am_wrap_69ea3da6b6170 { text-align: center !important; } }@media (max-width: 767px) { #ut_am_wrap_69ea3da6b6170 { text-align: center !important; } }<\/style><div id=\"ut_am_wrap_69ea3da6b6170\" class=\"ut-image-gallery-image \"><div id=\"ut_reveal_69ea3da6b6171\"  data-appear-top-offset=\"auto\" class=\"ut-animated-image-item ut-image-gallery-item ut-animation-done \"><a class=\"ut-deactivated-link\" href=\"#\"><div class=\"ut-animated-image-zoom\"><img loading=\"lazy\" decoding=\"async\" class=\"ut-lazy skip-lazy ut-animated-image \"  id=\"ut_am_69ea3da6b616f\" src=\"data:image\/svg+xml;charset=utf-8,%3Csvg xmlns%3D'http%3A%2F%2Fwww.w3.org%2F2000%2Fsvg' viewBox%3D'0 0 1130 721'%2F%3E\" data-src=\"https:\/\/lara-lms.com\/wp-content\/uploads\/2025\/04\/Lara_Computer_Footer_V13.png\" width=\"1130\" height=\"721\" alt=\"\"\/><\/div><\/a><\/div><\/div><\/div>[\/vc_column][\/vc_row][\/vc_section][vc_section content_placement=&#8221;bottom&#8221; background_position=&#8221;center bottom&#8221; section_separator_top=&#8221;true&#8221; section_separator_svg_top=&#8221;double_wave_1&#8243; section_separator_top_height=&#8221;5&#8243; section_separator_bottom=&#8221;true&#8221; section_separator_svg_bottom=&#8221;half_circle&#8221; section_separator_bottom_flip=&#8221;true&#8221; section_separator_bottom_height=&#8221;4&#8243; section_separator_bottom_hide_on_tablet=&#8221;&#8221; section_separator_bottom_hide_on_mobile=&#8221;&#8221; hide_on_desktop=&#8221;true&#8221; hide_on_tablet=&#8221;true&#8221; css=&#8221;.vc_custom_1744818756452{padding-top: 100px !important;padding-bottom: 0px !important;background-color: #ffffff !important;background-position: center !important;background-repeat: no-repeat !important;background-size: cover !important;border-color: #d3d3d3 !important;}&#8221; section_separator_bottom_color_1=&#8221;#101010&#8243; el_name=&#8221;Cell Bas de page&#8221;][vc_row content_placement=&#8221;middle&#8221;][vc_column width=&#8221;1\/2&#8243;][vc_column_text]<\/p>\n<h1><strong>Contact our specialists<\/strong><\/h1>\n<p>And discover how training is made easier with L\u00e4ra LMS[\/vc_column_text]<style type=\"text\/css\">#bklyn_btn_69ea3da6b61e1 .bklyn-btn { border-radius:5px !important; }#bklyn_btn_69ea3da6b61e1 .bklyn-btn:hover{ color:#000000 !important; }#bklyn_btn_69ea3da6b61e1 .bklyn-btn:focus{ color:#000000 !important; }#bklyn_btn_69ea3da6b61e1 .bklyn-btn:active { color:#000000 !important; }#bklyn_btn_69ea3da6b61e1 a.bklyn-btn { font-weight:normal !important; }#bklyn_btn_69ea3da6b61e1.bklyn-btn-header a.bklyn-btn { font-weight:normal !important; }#bklyn_btn_69ea3da6b61e1.bklyn-btn-header a.bklyn-btn span { font-weight:normal !important; }#bklyn_btn_69ea3da6b61e1.bklyn-btn-holder a { margin-top:-10px;padding-top:-10px }<\/style><div id=\"bklyn_btn_69ea3da6b61e1\" class=\"bklyn-btn-holder  bklyn-btn-left bklyn-btn-tablet-left bklyn-btn-mobile-center\"><a title=\"Request a demo\"   href=\"https:\/\/lara-lms.com\/en\/request-a-demo\/\" target=\"_self\" class=\"bklyn-btn  bklyn-btn-normal\" ><span class=\"ut-btn-text\">REQUEST A DEMO<\/span><\/a><\/div>[\/vc_column][vc_column width=&#8221;1\/2&#8243; background_position=&#8221;center bottom&#8221; css=&#8221;.vc_custom_1744048738324{margin-bottom: 0px !important;border-bottom-width: 0px !important;padding-bottom: 0px !important;}&#8221;]<div  class=\"wpb_content_element   vc_custom_1744048471148 clearfix\"><style type=\"text\/css\">#ut_am_69ea3da6b628c { opacity: 1; }#ut_am_wrap_69ea3da6b628d .ut-image-gallery-item-caption-title h3 { letter-spacing: 0em; }#ut_am_wrap_69ea3da6b628d .ut-gallery-slider-caption { font-weight: bold; }#ut_am_wrap_69ea3da6b628d { text-align: center; }@media (min-width: 768px) and (max-width: 1024px) { #ut_am_wrap_69ea3da6b628d { text-align: center !important; } }@media (max-width: 767px) { #ut_am_wrap_69ea3da6b628d { text-align: center !important; } }<\/style><div id=\"ut_am_wrap_69ea3da6b628d\" class=\"ut-image-gallery-image \"><div id=\"ut_reveal_69ea3da6b628e\"  data-appear-top-offset=\"auto\" class=\"ut-animated-image-item ut-image-gallery-item ut-animation-done \"><a class=\"ut-deactivated-link\" href=\"#\"><div class=\"ut-animated-image-zoom\"><img loading=\"lazy\" decoding=\"async\" class=\"ut-lazy skip-lazy ut-animated-image \"  id=\"ut_am_69ea3da6b628c\" src=\"data:image\/svg+xml;charset=utf-8,%3Csvg xmlns%3D'http%3A%2F%2Fwww.w3.org%2F2000%2Fsvg' viewBox%3D'0 0 1130 721'%2F%3E\" data-src=\"https:\/\/lara-lms.com\/wp-content\/uploads\/2025\/04\/Lara_Computer_Footer_V13.png\" width=\"1130\" height=\"721\" alt=\"\"\/><\/div><\/a><\/div><\/div><\/div>[\/vc_column][\/vc_row][\/vc_section]<\/p>\n<\/div>","protected":false},"excerpt":{"rendered":"<p>[vc_section content_placement=&#8221;middle&#8221; background_position=&#8221;center top&#8221; section_separator_bottom=&#8221;true&#8221; section_separator_bottom_zindex=&#8221;true&#8221; section_separator_svg_bottom=&#8221;double_wave_1&#8243; section_separator_bottom_height=&#8221;3&#8243; css=&#8221;.vc_custom_1743430561319{padding-top: 150px !important;padding-bottom: 150px !important;background: #ffffff url(https:\/\/lara-lms.com\/wp-content\/uploads\/2025\/03\/Hero_Femme3_2025_V02-1.jpg?id=6584) !important;background-position: center !important;background-repeat: no-repeat !important;background-size: cover !important;}&#8221; section_separator_bottom_color_1=&#8221;#F6F6F6&#8243;][vc_row][vc_column][vc_row_inner content_placement=&#8221;middle&#8221; gap=&#8221;1&#8243;][vc_column_inner width=&#8221;1\/2&#8243;][vc_column_text] L\u00e4ra LMS : A secure, accessible platform for everyone [\/vc_column_text][\/vc_column_inner][vc_column_inner width=&#8221;1\/2&#8243;][\/vc_column_inner][\/vc_row_inner][vc_row_inner content_placement=&#8221;middle&#8221;][vc_column_inner width=&#8221;1\/2&#8243;][vc_column_text]Regardless of the size of your organization or your field of expertise, data security and compliance with [&hellip;]<\/p>\n","protected":false},"author":2,"featured_media":0,"parent":0,"menu_order":0,"comment_status":"closed","ping_status":"closed","template":"","meta":{"footnotes":""},"class_list":["post-5968","page","type-page","status-publish","hentry"],"yoast_head":"<!-- This site is optimized with the Yoast SEO Premium plugin v27.4 (Yoast SEO v27.4) - https:\/\/yoast.com\/product\/yoast-seo-premium-wordpress\/ -->\n<title>Compliance and data security : Protect your business and your users<\/title>\n<meta name=\"description\" content=\"Data security and compliance: discover the importance of complying with laws and regulations to protect your organization and your users.\" \/>\n<meta name=\"robots\" content=\"index, follow, max-snippet:-1, max-image-preview:large, max-video-preview:-1\" \/>\n<link rel=\"canonical\" href=\"https:\/\/lara-lms.com\/en\/compliance\/\" \/>\n<meta property=\"og:locale\" content=\"en_US\" \/>\n<meta property=\"og:type\" content=\"article\" \/>\n<meta property=\"og:title\" content=\"Compliance\" \/>\n<meta property=\"og:description\" content=\"Data security and compliance: discover the importance of complying with laws and regulations to protect your organization and your users.\" \/>\n<meta property=\"og:url\" content=\"https:\/\/lara-lms.com\/en\/compliance\/\" \/>\n<meta property=\"og:site_name\" content=\"L\u00e4raLMS\" \/>\n<meta property=\"article:publisher\" content=\"https:\/\/www.facebook.com\/sviesolutions\" \/>\n<meta property=\"article:modified_time\" content=\"2025-11-21T16:41:05+00:00\" \/>\n<meta name=\"twitter:card\" content=\"summary_large_image\" \/>\n<meta name=\"twitter:site\" content=\"@sviesolutions\" \/>\n<meta name=\"twitter:label1\" content=\"Est. reading time\" \/>\n\t<meta name=\"twitter:data1\" content=\"4 minutes\" \/>\n<script type=\"application\/ld+json\" class=\"yoast-schema-graph\">{\"@context\":\"https:\\\/\\\/schema.org\",\"@graph\":[{\"@type\":\"WebPage\",\"@id\":\"https:\\\/\\\/lara-lms.com\\\/en\\\/compliance\\\/\",\"url\":\"https:\\\/\\\/lara-lms.com\\\/en\\\/compliance\\\/\",\"name\":\"Compliance and data security : Protect your business and your users\",\"isPartOf\":{\"@id\":\"https:\\\/\\\/lara-lms.com\\\/en\\\/#website\"},\"datePublished\":\"2025-01-08T19:33:59+00:00\",\"dateModified\":\"2025-11-21T16:41:05+00:00\",\"description\":\"Data security and compliance: discover the importance of complying with laws and regulations to protect your organization and your users.\",\"breadcrumb\":{\"@id\":\"https:\\\/\\\/lara-lms.com\\\/en\\\/compliance\\\/#breadcrumb\"},\"inLanguage\":\"en-US\",\"potentialAction\":[{\"@type\":\"ReadAction\",\"target\":[\"https:\\\/\\\/lara-lms.com\\\/en\\\/compliance\\\/\"]}]},{\"@type\":\"BreadcrumbList\",\"@id\":\"https:\\\/\\\/lara-lms.com\\\/en\\\/compliance\\\/#breadcrumb\",\"itemListElement\":[{\"@type\":\"ListItem\",\"position\":1,\"name\":\"Accueil\",\"item\":\"https:\\\/\\\/lara-lms.com\\\/en\\\/\"},{\"@type\":\"ListItem\",\"position\":2,\"name\":\"Compliance\"}]},{\"@type\":\"WebSite\",\"@id\":\"https:\\\/\\\/lara-lms.com\\\/en\\\/#website\",\"url\":\"https:\\\/\\\/lara-lms.com\\\/en\\\/\",\"name\":\"L\u00e4raLMS\",\"description\":\"La nouvelle g\u00e9n\u00e9ration de syst\u00e8me de gestion des apprentissages\",\"publisher\":{\"@id\":\"https:\\\/\\\/lara-lms.com\\\/en\\\/#organization\"},\"potentialAction\":[{\"@type\":\"SearchAction\",\"target\":{\"@type\":\"EntryPoint\",\"urlTemplate\":\"https:\\\/\\\/lara-lms.com\\\/en\\\/?s={search_term_string}\"},\"query-input\":{\"@type\":\"PropertyValueSpecification\",\"valueRequired\":true,\"valueName\":\"search_term_string\"}}],\"inLanguage\":\"en-US\"},{\"@type\":\"Organization\",\"@id\":\"https:\\\/\\\/lara-lms.com\\\/en\\\/#organization\",\"name\":\"L\u00e4ra LMS\",\"url\":\"https:\\\/\\\/lara-lms.com\\\/en\\\/\",\"logo\":{\"@type\":\"ImageObject\",\"inLanguage\":\"en-US\",\"@id\":\"https:\\\/\\\/lara-lms.com\\\/en\\\/#\\\/schema\\\/logo\\\/image\\\/\",\"url\":\"https:\\\/\\\/lara-lms.com\\\/wp-content\\\/uploads\\\/2019\\\/08\\\/Logo_Lara_descriptif_noir.png\",\"contentUrl\":\"https:\\\/\\\/lara-lms.com\\\/wp-content\\\/uploads\\\/2019\\\/08\\\/Logo_Lara_descriptif_noir.png\",\"width\":1920,\"height\":1080,\"caption\":\"L\u00e4ra LMS\"},\"image\":{\"@id\":\"https:\\\/\\\/lara-lms.com\\\/en\\\/#\\\/schema\\\/logo\\\/image\\\/\"},\"sameAs\":[\"https:\\\/\\\/www.facebook.com\\\/sviesolutions\",\"https:\\\/\\\/x.com\\\/sviesolutions\",\"https:\\\/\\\/www.linkedin.com\\\/company\\\/svi-esolutions\\\/\"],\"description\":\"L\u00e4ra LMS est un syst\u00e8me de gestion des apprentissages ou learning management system con\u00e7u par SVI eSolutions, il est le fruit d\u2019ann\u00e9es d\u2019expertises dans le domaine de la formation, des technologies et de l\u2019apprentissage en ligne acquises par le d\u00e9veloppement de nombreuses autres plateformes de formation. Au fil de nos exp\u00e9riences dans le d\u00e9veloppement de logiciels, nous avons constat\u00e9 un besoin criant pour un outil de gestion facile \u00e0 utiliser qui pouvait tout faire, de la cr\u00e9ation et de l\u2019int\u00e9gration de contenu \u00e0 la promotion de ce dernier. Avec L\u00e4ra LMS, notre but consistait \u00e0 offrir une solution num\u00e9rique pour simplifier les processus de formation des diff\u00e9rentes organisations et les rendre autonomes dans la cr\u00e9ation de leurs contenus d\u2019apprentissage, la structuration de leurs formations et les op\u00e9rations administratives reli\u00e9es \u00e0 la gestion de formations. L\u00e4ra LMS, c\u2019est aussi une grande \u00e9quipe d\u2019une trentaine de passionn\u00e9s qui travaille pour d\u00e9velopper des outils afin que former devienne plus simple.\",\"email\":\"info@laralms.ca\",\"telephone\":\"866-843-4848\",\"legalName\":\"SVI eSolutions Inc.\",\"foundingDate\":\"2001-10-25\",\"numberOfEmployees\":{\"@type\":\"QuantitativeValue\",\"minValue\":\"11\",\"maxValue\":\"50\"}}]}<\/script>\n<!-- \/ Yoast SEO Premium plugin. -->","yoast_head_json":{"title":"Compliance and data security : Protect your business and your users","description":"Data security and compliance: discover the importance of complying with laws and regulations to protect your organization and your users.","robots":{"index":"index","follow":"follow","max-snippet":"max-snippet:-1","max-image-preview":"max-image-preview:large","max-video-preview":"max-video-preview:-1"},"canonical":"https:\/\/lara-lms.com\/en\/compliance\/","og_locale":"en_US","og_type":"article","og_title":"Compliance","og_description":"Data security and compliance: discover the importance of complying with laws and regulations to protect your organization and your users.","og_url":"https:\/\/lara-lms.com\/en\/compliance\/","og_site_name":"L\u00e4raLMS","article_publisher":"https:\/\/www.facebook.com\/sviesolutions","article_modified_time":"2025-11-21T16:41:05+00:00","twitter_card":"summary_large_image","twitter_site":"@sviesolutions","twitter_misc":{"Est. reading time":"4 minutes"},"schema":{"@context":"https:\/\/schema.org","@graph":[{"@type":"WebPage","@id":"https:\/\/lara-lms.com\/en\/compliance\/","url":"https:\/\/lara-lms.com\/en\/compliance\/","name":"Compliance and data security : Protect your business and your users","isPartOf":{"@id":"https:\/\/lara-lms.com\/en\/#website"},"datePublished":"2025-01-08T19:33:59+00:00","dateModified":"2025-11-21T16:41:05+00:00","description":"Data security and compliance: discover the importance of complying with laws and regulations to protect your organization and your users.","breadcrumb":{"@id":"https:\/\/lara-lms.com\/en\/compliance\/#breadcrumb"},"inLanguage":"en-US","potentialAction":[{"@type":"ReadAction","target":["https:\/\/lara-lms.com\/en\/compliance\/"]}]},{"@type":"BreadcrumbList","@id":"https:\/\/lara-lms.com\/en\/compliance\/#breadcrumb","itemListElement":[{"@type":"ListItem","position":1,"name":"Accueil","item":"https:\/\/lara-lms.com\/en\/"},{"@type":"ListItem","position":2,"name":"Compliance"}]},{"@type":"WebSite","@id":"https:\/\/lara-lms.com\/en\/#website","url":"https:\/\/lara-lms.com\/en\/","name":"L\u00e4raLMS","description":"La nouvelle g\u00e9n\u00e9ration de syst\u00e8me de gestion des apprentissages","publisher":{"@id":"https:\/\/lara-lms.com\/en\/#organization"},"potentialAction":[{"@type":"SearchAction","target":{"@type":"EntryPoint","urlTemplate":"https:\/\/lara-lms.com\/en\/?s={search_term_string}"},"query-input":{"@type":"PropertyValueSpecification","valueRequired":true,"valueName":"search_term_string"}}],"inLanguage":"en-US"},{"@type":"Organization","@id":"https:\/\/lara-lms.com\/en\/#organization","name":"L\u00e4ra LMS","url":"https:\/\/lara-lms.com\/en\/","logo":{"@type":"ImageObject","inLanguage":"en-US","@id":"https:\/\/lara-lms.com\/en\/#\/schema\/logo\/image\/","url":"https:\/\/lara-lms.com\/wp-content\/uploads\/2019\/08\/Logo_Lara_descriptif_noir.png","contentUrl":"https:\/\/lara-lms.com\/wp-content\/uploads\/2019\/08\/Logo_Lara_descriptif_noir.png","width":1920,"height":1080,"caption":"L\u00e4ra LMS"},"image":{"@id":"https:\/\/lara-lms.com\/en\/#\/schema\/logo\/image\/"},"sameAs":["https:\/\/www.facebook.com\/sviesolutions","https:\/\/x.com\/sviesolutions","https:\/\/www.linkedin.com\/company\/svi-esolutions\/"],"description":"L\u00e4ra LMS est un syst\u00e8me de gestion des apprentissages ou learning management system con\u00e7u par SVI eSolutions, il est le fruit d\u2019ann\u00e9es d\u2019expertises dans le domaine de la formation, des technologies et de l\u2019apprentissage en ligne acquises par le d\u00e9veloppement de nombreuses autres plateformes de formation. Au fil de nos exp\u00e9riences dans le d\u00e9veloppement de logiciels, nous avons constat\u00e9 un besoin criant pour un outil de gestion facile \u00e0 utiliser qui pouvait tout faire, de la cr\u00e9ation et de l\u2019int\u00e9gration de contenu \u00e0 la promotion de ce dernier. Avec L\u00e4ra LMS, notre but consistait \u00e0 offrir une solution num\u00e9rique pour simplifier les processus de formation des diff\u00e9rentes organisations et les rendre autonomes dans la cr\u00e9ation de leurs contenus d\u2019apprentissage, la structuration de leurs formations et les op\u00e9rations administratives reli\u00e9es \u00e0 la gestion de formations. L\u00e4ra LMS, c\u2019est aussi une grande \u00e9quipe d\u2019une trentaine de passionn\u00e9s qui travaille pour d\u00e9velopper des outils afin que former devienne plus simple.","email":"info@laralms.ca","telephone":"866-843-4848","legalName":"SVI eSolutions Inc.","foundingDate":"2001-10-25","numberOfEmployees":{"@type":"QuantitativeValue","minValue":"11","maxValue":"50"}}]}},"_links":{"self":[{"href":"https:\/\/lara-lms.com\/en\/wp-json\/wp\/v2\/pages\/5968","targetHints":{"allow":["GET"]}}],"collection":[{"href":"https:\/\/lara-lms.com\/en\/wp-json\/wp\/v2\/pages"}],"about":[{"href":"https:\/\/lara-lms.com\/en\/wp-json\/wp\/v2\/types\/page"}],"author":[{"embeddable":true,"href":"https:\/\/lara-lms.com\/en\/wp-json\/wp\/v2\/users\/2"}],"replies":[{"embeddable":true,"href":"https:\/\/lara-lms.com\/en\/wp-json\/wp\/v2\/comments?post=5968"}],"version-history":[{"count":12,"href":"https:\/\/lara-lms.com\/en\/wp-json\/wp\/v2\/pages\/5968\/revisions"}],"predecessor-version":[{"id":6996,"href":"https:\/\/lara-lms.com\/en\/wp-json\/wp\/v2\/pages\/5968\/revisions\/6996"}],"wp:attachment":[{"href":"https:\/\/lara-lms.com\/en\/wp-json\/wp\/v2\/media?parent=5968"}],"curies":[{"name":"wp","href":"https:\/\/api.w.org\/{rel}","templated":true}]}}