{"id":4906,"date":"2022-03-16T11:34:39","date_gmt":"2022-03-16T15:34:39","guid":{"rendered":"https:\/\/lara-lms.com\/?page_id=4906"},"modified":"2023-10-20T16:19:50","modified_gmt":"2023-10-20T20:19:50","slug":"request-a-demo","status":"publish","type":"page","link":"https:\/\/lara-lms.com\/en\/request-a-demo\/","title":{"rendered":"Request a demo"},"content":{"rendered":"<div class=\"wpb-content-wrapper\"><p>[vc_section css=&#8221;.vc_custom_1565294823287{padding-top: 0px !important;}&#8221;][vc_row full_width=&#8221;stretch_row_content_no_spaces&#8221; content_placement=&#8221;top&#8221; css=&#8221;.vc_custom_1565294829153{padding-top: 0px !important;}&#8221;][vc_column]\n\t\t\t\t<p class=\"rs-p-wp-fix\"><\/p>\n\t\t\t\t<sr7-module data-alias=\"contactez-nous-2-11\" data-id=\"7\" id=\"SR7_7_1\" class=\"rs-ov-hidden\" data-version=\"6.7.54\">\n\t\t\t\t\t<sr7-adjuster><\/sr7-adjuster>\n\t\t\t\t\t<sr7-content>\n\t\t\t\t\t\t<sr7-slide id=\"SR7_7_1-7\" data-key=\"7\">\n\t\t\t\t\t\t\t<sr7-bg id=\"SR7_7_1-7-5\" class=\"sr7-layer\"><noscript><img decoding=\"async\" src=\"https:\/\/lara-lms.com\/wp-content\/uploads\/2018\/11\/Svi_Lara_Hero_V05-2.jpg\" alt=\"Ent\u00eate L\u00e4ra avec jeune femme souriante\" title=\"Svi_Lara_Hero_V05\"><\/noscript><\/sr7-bg>\n\t\t\t\t\t\t<\/sr7-slide>\n\t\t\t\t\t\t<sr7-slide id=\"SR7_7_1-11\" data-key=\"11\">\n\t\t\t\t\t\t<\/sr7-slide>\n\t\t\t\t\t<\/sr7-content>\n\t\t\t\t\t<image_lists style=\"display:none\">\n\t\t\t\t\t\t<img data-src=\"\/\/lara-lms.com\/wp-content\/uploads\/2018\/11\/Svi_Lara_Hero_V05-2.jpg\" width=\"0\" height=\"0\" data-dbsrc=\"Ly9sYXJhLWxtcy5jb20vd3AtY29udGVudC91cGxvYWRzLzIwMTgvMTEvU3ZpX0xhcmFfSGVyb19WMDUtMi5qcGc=\"\/>\n\t\t\t\t\t<\/image_lists>\n\t\t\t\t<\/sr7-module>\n\t\t\t\t<script>\n\t\t\t\t\twindow.SR7 ??={};SR7.PMH ??={}; SR7.PMH[\"SR7_7_1\"] = {cn:100,state:false,fn: function() { if (window._tpt!==undefined && window._tpt.prepareModuleHeight !== undefined) {  _tpt.prepareModuleHeight({id:\"SR7_7_1\",el:[700,700,768,960,720],type:'hero',shdw:'0',gh:[700,700,578,439,271],gw:[1240,1240,1024,778,480],vpt:['-200px'],size:{fullWidth:true, fullHeight:false},mh:'0',onh:0,onw:0,bg:{color:'{\"orig\":\"transparent\",\"type\":\"solid\",\"string\":\"transparent\"}'},plType:'0',plColor:'#FFFFFF'});   SR7.PMH[\"SR7_7_1\"].state=true;} else if(SR7.PMH[\"SR7_7_1\"].cn-->0)\tsetTimeout( SR7.PMH[\"SR7_7_1\"].fn,19);}};SR7.PMH[\"SR7_7_1\" ].fn();\n\t\t\t\t<\/script>\n[\/vc_column][\/vc_row][\/vc_section][vc_section css=&#8221;.vc_custom_1498244312933{padding-bottom: 160px !important;}&#8221;][vc_row delay=&#8221;true&#8221; effect=&#8221;fadeIn&#8221; delay_timer=&#8221;50&#8243;][vc_column width=&#8221;1\/2&#8243;]<div class=\"wpb_content_element \"><style type=\"text\/css\">#ut_header_69ea3f1ea8578 h1.section-title { font-size:45px !important;line-height:55px !important; }<\/style><header id=\"ut_header_69ea3f1ea8578\" class=\"section-header  ut-no-title-linebreak-mobile ut-no-lead-linebreak-mobile pt-style-7 header-left header-tablet-left header-mobile-center element-with-custom-line-height\"><div class=\"element-with-custom-line-height\" ><h1 data-title=\"Contact our specialists.\"  data-responsive-font=\"section_title\" data-responsive-font-settings=\"{&quot;base-font-size&quot;:&quot;global&quot;,&quot;font-size&quot;:{&quot;desktop_large&quot;:&quot;45&quot;},&quot;base-line-height&quot;:&quot;global&quot;,&quot;line-height&quot;:{&quot;desktop_large&quot;:&quot;55&quot;},&quot;base-letter-spacing&quot;:&quot;global&quot;}\" class=\"section-title  \"><span><b>Contact<\/b> our specialists.<\/span><\/h1><\/div><div data-delay=\"0\" class=\"lead \"><p>Want to work with L\u00e4ra? Request a proposal for services<\/p>\n<\/div><\/header><\/div><div class=\"wpb_content_element \"><style class=\"bklyn-inline-styles\" type=\"text\/css\">#ut_fl_69ea3f1eac65b312333195.bklyn-fancy-list { font-size: 15px !important; }#ut_fl_69ea3f1eac65b312333195.bklyn-fancy-list { line-height: 28px !important; }#ut_fl_69ea3f1eac65b312333195 li { color: #393c3e; }#ut_fl_69ea3f1eac65b312333195 li span { color: #393c3e; }#ut_fl_69ea3f1eac65b312333195 a { color: #393c3e; }#ut_fl_69ea3f1eac65b312333195 a:visited { color: #393c3e; }#ut_fl_69ea3f1eac65b312333195 a:hover span { color: #0267c1; }#ut_fl_69ea3f1eac65b312333195 a:hover { color: #0267c1; }#ut_fl_69ea3f1eac65b312333195 a:focus { color: #0267c1; }#ut_fl_69ea3f1eac65b312333195 a:active { color: #0267c1; }#ut_fl_69ea3f1eac65b312333195 ul { list-style-type: none; }<\/style><div id=\"ut_fl_69ea3f1eac65b312333195\" class=\"bklyn-fancy-list  bklyn-fancy-list-left bklyn-fancy-list-tablet-left bklyn-fancy-list-mobile-center\"><ul class=\"bklyn-list bklyn-list-style-none\" data-appear-top-offset=\"almost\"><li class=\"bklyn-list-item-space-xsmall\"><span><span>575 Rue Saint-Joseph Est, Qu\u00e9bec, Qc G1K 3B7<\/span><\/span><\/li><li class=\"bklyn-list-item-space-xsmall\"><span><a title=\"\" href=\"http:\/\/www.sviesolutions.com\" target=\"_blank\" ><span>ventes@sviesolutions.com<\/span><\/a><\/span><\/li><li class=\"bklyn-list-item-space-xsmall\"><span><span>(866) 843-4848<\/span><\/span><\/li><\/ul><\/div><\/div>[vc_custom_heading text=&#8221;Follow us!&#8221; font_container=&#8221;tag:h3|text_align:left&#8221; use_theme_fonts=&#8221;yes&#8221;]<div class=\"wpb_content_element \"><style class=\"bklyn-inline-styles\" type=\"text\/css\">#ut_sf_69ea3f1eac8d1 li a i { color: #393c3e; }#ut_sf_69ea3f1eac8d1 li a:hover i { color: #0267c1; }#ut_sf_69ea3f1eac8d1 li a:focus i { color: #0267c1; }#ut_sf_69ea3f1eac8d1 { font-size: 20px; }<\/style><ul id=\"ut_sf_69ea3f1eac8d1\" class=\"ut-social-follow-module  ut-social-follow-module-left ut-social-follow-module-tablet-left ut-social-follow-module-mobile-center ut-social-follow-module-40 Pixel\" data-settings=\"{&quot;animate&quot;:false,&quot;effect&quot;:&quot;&quot;,&quot;delay_animation&quot;:false,&quot;global_delay_animation&quot;:false,&quot;delay_timer&quot;:100,&quot;global_delay_timer&quot;:100}\"><li  class=\"ut-social-follow-0 ut-social-follow-icon-only \"><a class=\"ut-social-follow-link\" title=\"\" href=\"https:\/\/www.facebook.com\/sviesolutions\" area-label=\"fa facebook\" target=\"_blank\" ><i class=\"fa fa-facebook\"><\/i><\/a><\/li><li  class=\"ut-social-follow-1 ut-social-follow-icon-only \"><a class=\"ut-social-follow-link\" title=\"\" href=\"https:\/\/twitter.com\/sviesolutions\" area-label=\"fa twitter\" target=\"_blank\" ><i class=\"fa fa-twitter\"><\/i><\/a><\/li><li  class=\"ut-social-follow-2 ut-social-follow-icon-only \"><a class=\"ut-social-follow-link\" title=\"\" href=\"https:\/\/www.linkedin.com\/company\/svi-esolutions\/\" area-label=\"fa linkedin-square\" target=\"_blank\" ><i class=\"fa fa-linkedin-square\"><\/i><\/a><\/li><\/ul><\/div>[\/vc_column][vc_column width=&#8221;1\/2&#8243;][vc_raw_html]JTNDaWZyYW1lJTIwc3JjJTNEJTIyaHR0cHMlM0ElMkYlMkZzdmktZS1zb2x1dGlvbnMtaW5jLm9kb28uY29tJTJGcmVxdWVzdC1hLWRlbW8tbGFyYS1sbXMlMjIlMjBzdHlsZSUzRCUyMmJvcmRlciUzQTBweCUyMCUyM2ZmZmZmZiUyMG5vbmUlM0IlMjIlMjBuYW1lJTNEJTIybXlpRnJhbWUlMjIlMjBzY3JvbGxpbmclM0QlMjJubyUyMiUyMGZyYW1lYm9yZGVyJTNEJTIyMCUyMiUyMG1hcmdpbmhlaWdodCUzRCUyMjBweCUyMiUyMG1hcmdpbndpZHRoJTNEJTIyMHB4JTIyJTIwaGVpZ2h0JTNEJTIyODAwcHglMjIlMjB3aWR0aCUzRCUyMjEwMDBweCUyMiUyMGFsbG93ZnVsbHNjcmVlbiUzRSUzQyUyRmlmcmFtZSUzRQ==[\/vc_raw_html][\/vc_column][\/vc_row][\/vc_section]<\/p>\n<\/div>","protected":false},"excerpt":{"rendered":"<p>[vc_section css=&#8221;.vc_custom_1565294823287{padding-top: 0px !important;}&#8221;][vc_row full_width=&#8221;stretch_row_content_no_spaces&#8221; content_placement=&#8221;top&#8221; css=&#8221;.vc_custom_1565294829153{padding-top: 0px !important;}&#8221;][vc_column][\/vc_column][\/vc_row][\/vc_section][vc_section css=&#8221;.vc_custom_1498244312933{padding-bottom: 160px !important;}&#8221;][vc_row delay=&#8221;true&#8221; effect=&#8221;fadeIn&#8221; delay_timer=&#8221;50&#8243;][vc_column width=&#8221;1\/2&#8243;][vc_custom_heading text=&#8221;Follow us!&#8221; font_container=&#8221;tag:h3|text_align:left&#8221; use_theme_fonts=&#8221;yes&#8221;][\/vc_column][vc_column width=&#8221;1\/2&#8243;][vc_raw_html]JTNDaWZyYW1lJTIwc3JjJTNEJTIyaHR0cHMlM0ElMkYlMkZzdmktZS1zb2x1dGlvbnMtaW5jLm9kb28uY29tJTJGcmVxdWVzdC1hLWRlbW8tbGFyYS1sbXMlMjIlMjBzdHlsZSUzRCUyMmJvcmRlciUzQTBweCUyMCUyM2ZmZmZmZiUyMG5vbmUlM0IlMjIlMjBuYW1lJTNEJTIybXlpRnJhbWUlMjIlMjBzY3JvbGxpbmclM0QlMjJubyUyMiUyMGZyYW1lYm9yZGVyJTNEJTIyMCUyMiUyMG1hcmdpbmhlaWdodCUzRCUyMjBweCUyMiUyMG1hcmdpbndpZHRoJTNEJTIyMHB4JTIyJTIwaGVpZ2h0JTNEJTIyODAwcHglMjIlMjB3aWR0aCUzRCUyMjEwMDBweCUyMiUyMGFsbG93ZnVsbHNjcmVlbiUzRSUzQyUyRmlmcmFtZSUzRQ==[\/vc_raw_html][\/vc_column][\/vc_row][\/vc_section]<\/p>\n","protected":false},"author":2,"featured_media":0,"parent":0,"menu_order":0,"comment_status":"closed","ping_status":"closed","template":"","meta":{"footnotes":""},"class_list":["post-4906","page","type-page","status-publish","hentry"],"yoast_head":"<!-- This site is optimized with the Yoast SEO Premium plugin v27.4 (Yoast SEO v27.4) - https:\/\/yoast.com\/product\/yoast-seo-premium-wordpress\/ -->\n<title>L\u00e4ra LMS | Request a demonstration<\/title>\n<meta name=\"description\" content=\"Interested in working with L\u00e4ra as your learning management system? Request a proposal by filling out the form.\" \/>\n<meta name=\"robots\" content=\"noindex, nofollow\" \/>\n<meta property=\"og:locale\" content=\"en_US\" \/>\n<meta property=\"og:type\" content=\"article\" \/>\n<meta property=\"og:title\" content=\"Request a demo\" \/>\n<meta property=\"og:description\" content=\"Interested in working with L\u00e4ra as your learning management system? Request a proposal by filling out the form.\" \/>\n<meta property=\"og:url\" content=\"https:\/\/lara-lms.com\/en\/request-a-demo\/\" \/>\n<meta property=\"og:site_name\" content=\"L\u00e4raLMS\" \/>\n<meta property=\"article:publisher\" content=\"https:\/\/www.facebook.com\/sviesolutions\" \/>\n<meta property=\"article:modified_time\" content=\"2023-10-20T20:19:50+00:00\" \/>\n<meta name=\"twitter:card\" content=\"summary_large_image\" \/>\n<meta name=\"twitter:site\" content=\"@sviesolutions\" \/>\n<meta name=\"twitter:label1\" content=\"Est. reading time\" \/>\n\t<meta name=\"twitter:data1\" content=\"1 minute\" \/>\n<script type=\"application\/ld+json\" class=\"yoast-schema-graph\">{\"@context\":\"https:\\\/\\\/schema.org\",\"@graph\":[{\"@type\":\"WebPage\",\"@id\":\"https:\\\/\\\/lara-lms.com\\\/en\\\/request-a-demo\\\/\",\"url\":\"https:\\\/\\\/lara-lms.com\\\/en\\\/request-a-demo\\\/\",\"name\":\"L\u00e4ra LMS | Request a demonstration\",\"isPartOf\":{\"@id\":\"https:\\\/\\\/lara-lms.com\\\/en\\\/#website\"},\"datePublished\":\"2022-03-16T15:34:39+00:00\",\"dateModified\":\"2023-10-20T20:19:50+00:00\",\"description\":\"Interested in working with L\u00e4ra as your learning management system? Request a proposal by filling out the form.\",\"breadcrumb\":{\"@id\":\"https:\\\/\\\/lara-lms.com\\\/en\\\/request-a-demo\\\/#breadcrumb\"},\"inLanguage\":\"en-US\",\"potentialAction\":[{\"@type\":\"ReadAction\",\"target\":[\"https:\\\/\\\/lara-lms.com\\\/en\\\/request-a-demo\\\/\"]}]},{\"@type\":\"BreadcrumbList\",\"@id\":\"https:\\\/\\\/lara-lms.com\\\/en\\\/request-a-demo\\\/#breadcrumb\",\"itemListElement\":[{\"@type\":\"ListItem\",\"position\":1,\"name\":\"Accueil\",\"item\":\"https:\\\/\\\/lara-lms.com\\\/en\\\/\"},{\"@type\":\"ListItem\",\"position\":2,\"name\":\"Request a demo\"}]},{\"@type\":\"WebSite\",\"@id\":\"https:\\\/\\\/lara-lms.com\\\/en\\\/#website\",\"url\":\"https:\\\/\\\/lara-lms.com\\\/en\\\/\",\"name\":\"L\u00e4raLMS\",\"description\":\"La nouvelle g\u00e9n\u00e9ration de syst\u00e8me de gestion des apprentissages\",\"publisher\":{\"@id\":\"https:\\\/\\\/lara-lms.com\\\/en\\\/#organization\"},\"potentialAction\":[{\"@type\":\"SearchAction\",\"target\":{\"@type\":\"EntryPoint\",\"urlTemplate\":\"https:\\\/\\\/lara-lms.com\\\/en\\\/?s={search_term_string}\"},\"query-input\":{\"@type\":\"PropertyValueSpecification\",\"valueRequired\":true,\"valueName\":\"search_term_string\"}}],\"inLanguage\":\"en-US\"},{\"@type\":\"Organization\",\"@id\":\"https:\\\/\\\/lara-lms.com\\\/en\\\/#organization\",\"name\":\"L\u00e4ra LMS\",\"url\":\"https:\\\/\\\/lara-lms.com\\\/en\\\/\",\"logo\":{\"@type\":\"ImageObject\",\"inLanguage\":\"en-US\",\"@id\":\"https:\\\/\\\/lara-lms.com\\\/en\\\/#\\\/schema\\\/logo\\\/image\\\/\",\"url\":\"https:\\\/\\\/lara-lms.com\\\/wp-content\\\/uploads\\\/2019\\\/08\\\/Logo_Lara_descriptif_noir.png\",\"contentUrl\":\"https:\\\/\\\/lara-lms.com\\\/wp-content\\\/uploads\\\/2019\\\/08\\\/Logo_Lara_descriptif_noir.png\",\"width\":1920,\"height\":1080,\"caption\":\"L\u00e4ra LMS\"},\"image\":{\"@id\":\"https:\\\/\\\/lara-lms.com\\\/en\\\/#\\\/schema\\\/logo\\\/image\\\/\"},\"sameAs\":[\"https:\\\/\\\/www.facebook.com\\\/sviesolutions\",\"https:\\\/\\\/x.com\\\/sviesolutions\",\"https:\\\/\\\/www.linkedin.com\\\/company\\\/svi-esolutions\\\/\"],\"description\":\"L\u00e4ra LMS est un syst\u00e8me de gestion des apprentissages ou learning management system con\u00e7u par SVI eSolutions, il est le fruit d\u2019ann\u00e9es d\u2019expertises dans le domaine de la formation, des technologies et de l\u2019apprentissage en ligne acquises par le d\u00e9veloppement de nombreuses autres plateformes de formation. Au fil de nos exp\u00e9riences dans le d\u00e9veloppement de logiciels, nous avons constat\u00e9 un besoin criant pour un outil de gestion facile \u00e0 utiliser qui pouvait tout faire, de la cr\u00e9ation et de l\u2019int\u00e9gration de contenu \u00e0 la promotion de ce dernier. Avec L\u00e4ra LMS, notre but consistait \u00e0 offrir une solution num\u00e9rique pour simplifier les processus de formation des diff\u00e9rentes organisations et les rendre autonomes dans la cr\u00e9ation de leurs contenus d\u2019apprentissage, la structuration de leurs formations et les op\u00e9rations administratives reli\u00e9es \u00e0 la gestion de formations. L\u00e4ra LMS, c\u2019est aussi une grande \u00e9quipe d\u2019une trentaine de passionn\u00e9s qui travaille pour d\u00e9velopper des outils afin que former devienne plus simple.\",\"email\":\"info@laralms.ca\",\"telephone\":\"866-843-4848\",\"legalName\":\"SVI eSolutions Inc.\",\"foundingDate\":\"2001-10-25\",\"numberOfEmployees\":{\"@type\":\"QuantitativeValue\",\"minValue\":\"11\",\"maxValue\":\"50\"}}]}<\/script>\n<!-- \/ Yoast SEO Premium plugin. -->","yoast_head_json":{"title":"L\u00e4ra LMS | Request a demonstration","description":"Interested in working with L\u00e4ra as your learning management system? Request a proposal by filling out the form.","robots":{"index":"noindex","follow":"nofollow"},"og_locale":"en_US","og_type":"article","og_title":"Request a demo","og_description":"Interested in working with L\u00e4ra as your learning management system? Request a proposal by filling out the form.","og_url":"https:\/\/lara-lms.com\/en\/request-a-demo\/","og_site_name":"L\u00e4raLMS","article_publisher":"https:\/\/www.facebook.com\/sviesolutions","article_modified_time":"2023-10-20T20:19:50+00:00","twitter_card":"summary_large_image","twitter_site":"@sviesolutions","twitter_misc":{"Est. reading time":"1 minute"},"schema":{"@context":"https:\/\/schema.org","@graph":[{"@type":"WebPage","@id":"https:\/\/lara-lms.com\/en\/request-a-demo\/","url":"https:\/\/lara-lms.com\/en\/request-a-demo\/","name":"L\u00e4ra LMS | Request a demonstration","isPartOf":{"@id":"https:\/\/lara-lms.com\/en\/#website"},"datePublished":"2022-03-16T15:34:39+00:00","dateModified":"2023-10-20T20:19:50+00:00","description":"Interested in working with L\u00e4ra as your learning management system? Request a proposal by filling out the form.","breadcrumb":{"@id":"https:\/\/lara-lms.com\/en\/request-a-demo\/#breadcrumb"},"inLanguage":"en-US","potentialAction":[{"@type":"ReadAction","target":["https:\/\/lara-lms.com\/en\/request-a-demo\/"]}]},{"@type":"BreadcrumbList","@id":"https:\/\/lara-lms.com\/en\/request-a-demo\/#breadcrumb","itemListElement":[{"@type":"ListItem","position":1,"name":"Accueil","item":"https:\/\/lara-lms.com\/en\/"},{"@type":"ListItem","position":2,"name":"Request a demo"}]},{"@type":"WebSite","@id":"https:\/\/lara-lms.com\/en\/#website","url":"https:\/\/lara-lms.com\/en\/","name":"L\u00e4raLMS","description":"La nouvelle g\u00e9n\u00e9ration de syst\u00e8me de gestion des apprentissages","publisher":{"@id":"https:\/\/lara-lms.com\/en\/#organization"},"potentialAction":[{"@type":"SearchAction","target":{"@type":"EntryPoint","urlTemplate":"https:\/\/lara-lms.com\/en\/?s={search_term_string}"},"query-input":{"@type":"PropertyValueSpecification","valueRequired":true,"valueName":"search_term_string"}}],"inLanguage":"en-US"},{"@type":"Organization","@id":"https:\/\/lara-lms.com\/en\/#organization","name":"L\u00e4ra LMS","url":"https:\/\/lara-lms.com\/en\/","logo":{"@type":"ImageObject","inLanguage":"en-US","@id":"https:\/\/lara-lms.com\/en\/#\/schema\/logo\/image\/","url":"https:\/\/lara-lms.com\/wp-content\/uploads\/2019\/08\/Logo_Lara_descriptif_noir.png","contentUrl":"https:\/\/lara-lms.com\/wp-content\/uploads\/2019\/08\/Logo_Lara_descriptif_noir.png","width":1920,"height":1080,"caption":"L\u00e4ra LMS"},"image":{"@id":"https:\/\/lara-lms.com\/en\/#\/schema\/logo\/image\/"},"sameAs":["https:\/\/www.facebook.com\/sviesolutions","https:\/\/x.com\/sviesolutions","https:\/\/www.linkedin.com\/company\/svi-esolutions\/"],"description":"L\u00e4ra LMS est un syst\u00e8me de gestion des apprentissages ou learning management system con\u00e7u par SVI eSolutions, il est le fruit d\u2019ann\u00e9es d\u2019expertises dans le domaine de la formation, des technologies et de l\u2019apprentissage en ligne acquises par le d\u00e9veloppement de nombreuses autres plateformes de formation. Au fil de nos exp\u00e9riences dans le d\u00e9veloppement de logiciels, nous avons constat\u00e9 un besoin criant pour un outil de gestion facile \u00e0 utiliser qui pouvait tout faire, de la cr\u00e9ation et de l\u2019int\u00e9gration de contenu \u00e0 la promotion de ce dernier. Avec L\u00e4ra LMS, notre but consistait \u00e0 offrir une solution num\u00e9rique pour simplifier les processus de formation des diff\u00e9rentes organisations et les rendre autonomes dans la cr\u00e9ation de leurs contenus d\u2019apprentissage, la structuration de leurs formations et les op\u00e9rations administratives reli\u00e9es \u00e0 la gestion de formations. L\u00e4ra LMS, c\u2019est aussi une grande \u00e9quipe d\u2019une trentaine de passionn\u00e9s qui travaille pour d\u00e9velopper des outils afin que former devienne plus simple.","email":"info@laralms.ca","telephone":"866-843-4848","legalName":"SVI eSolutions Inc.","foundingDate":"2001-10-25","numberOfEmployees":{"@type":"QuantitativeValue","minValue":"11","maxValue":"50"}}]}},"_links":{"self":[{"href":"https:\/\/lara-lms.com\/en\/wp-json\/wp\/v2\/pages\/4906","targetHints":{"allow":["GET"]}}],"collection":[{"href":"https:\/\/lara-lms.com\/en\/wp-json\/wp\/v2\/pages"}],"about":[{"href":"https:\/\/lara-lms.com\/en\/wp-json\/wp\/v2\/types\/page"}],"author":[{"embeddable":true,"href":"https:\/\/lara-lms.com\/en\/wp-json\/wp\/v2\/users\/2"}],"replies":[{"embeddable":true,"href":"https:\/\/lara-lms.com\/en\/wp-json\/wp\/v2\/comments?post=4906"}],"version-history":[{"count":10,"href":"https:\/\/lara-lms.com\/en\/wp-json\/wp\/v2\/pages\/4906\/revisions"}],"predecessor-version":[{"id":5531,"href":"https:\/\/lara-lms.com\/en\/wp-json\/wp\/v2\/pages\/4906\/revisions\/5531"}],"wp:attachment":[{"href":"https:\/\/lara-lms.com\/en\/wp-json\/wp\/v2\/media?parent=4906"}],"curies":[{"name":"wp","href":"https:\/\/api.w.org\/{rel}","templated":true}]}}